

{"id":90,"date":"2015-02-02T15:02:18","date_gmt":"2015-02-02T14:02:18","guid":{"rendered":"https:\/\/adoc.irisa.fr\/?page_id=90"},"modified":"2015-07-06T20:11:21","modified_gmt":"2015-07-06T18:11:21","slug":"thesis-related","status":"publish","type":"page","link":"http:\/\/adoc.irisa.fr\/fr\/thesis-related\/","title":{"rendered":"LaTeX mod\u00e8le"},"content":{"rendered":"<div><center><b><span style=\"color: #000000; font-size: 16px;\">Appel \u00e0 contributions<\/b><\/center>Si vous enrichissez le style, faites profiter tout le monde de vos am\u00e9liorations en renvoyant le fichier\u00a0<code>these.sty<\/code>\u00a0et un exemple de\u00a0<code>these.tex<\/code>\u00a0au webmestre de l&rsquo;ADOC.<\/p>\n<\/div>\n<p>Vous trouverez sur cette page le mod\u00e8le LaTeX de l&rsquo;ADOC pour r\u00e9diger votre sacro-saint manuscrit de th\u00e8se.<\/p>\n<p>Outre des commandes facilit\u00e9s pour r\u00e9diger vos th\u00e9or\u00e8mes et autres preuves, ce style LaTeX vous permet de g\u00e9n\u00e9rer la page de couverture de votre th\u00e8se pour 2 mod\u00e8les :<\/p>\n<ul>\n<li>Celui de l&rsquo;Universit\u00e9 de Rennes 1 (<a href=\"http:\/\/www.irisa.fr\/adoc\/WikiWeb\/uploads\/Main\/these-rennes1.pdf\" rel=\"nofollow\">voir un exemple<\/a>)<\/li>\n<li>Celui de l&rsquo;INSA de Rennes (<a href=\"http:\/\/www.irisa.fr\/adoc\/WikiWeb\/uploads\/Main\/these-insa.pdf\" rel=\"nofollow\">voir un exemple<\/a>)<\/li>\n<\/ul>\n<div><\/div>\n<div>\n<p>Pour votre manuscrit final, l&rsquo;INSA de Rennes demande de s\u00e9parer vos pages de couverture du reste de votre manuscrit. Ainsi, pensez \u00e0 supprimer les pages de couvertures pour la version finale (par exemple via une impression dans un PDF).<\/p>\n<\/div>\n<p>L&rsquo;archive\u00a0<a href=\"https:\/\/adoc.irisa.fr\/files\/2015\/03\/template-adoc.zip\" rel=\"nofollow\"><code>template-adoc.zip<\/code><\/a>\u00a0contient les fichiers suivants sous la m\u00eame racine:<\/p>\n<ul>\n<li>.\/these.sty, le fichier de style<\/li>\n<li>.\/these.tex, le main<\/li>\n<li>.\/macro.tex, fichier ou mettre toutes vos macros (il y a plein d&rsquo;exemples)<\/li>\n<li>.\/Makefile, un makefile pour tout compiler facilement si on respecte la structure suivante :\n<ul>\n<li>.\/remerciements\/remerciements.tex<\/li>\n<li>.\/introduction\/introduction.tex<\/li>\n<li>.\/chapitreX\/chapitreX.tex<\/li>\n<li>.\/chapitreX\/fig\/figure&#8230;.eps<\/li>\n<li>.\/conclusion\/conclusion.tex<\/li>\n<li>.\/biblio\/biblio_these.bib, le fichier de biblio<\/li>\n<li>.\/glossaire\/glossaire.tex<\/li>\n<li>.\/resume\/resume.tex<\/li>\n<li>..\/sauvegardes_these\/<\/li>\n<\/ul>\n<\/li>\n<\/ul>\n<p>Pour compiler le tout, faites appel \u00e0 la commande\u00a0<code>make<\/code>, ou bien passez par votre \u00e9diteur LaTeX favori (Kile,TexMaker&#8230;).<\/p>\n","protected":false},"excerpt":{"rendered":"<p><b>Appel \u00e0 contributions<\/b>Si vous enrichissez le style, faites profiter tout le monde de vos am\u00e9liorations en renvoyant le fichier\u00a0<code>these.sty<\/code>\u00a0et un exemple de\u00a0<code>these.tex<\/code>\u00a0au webmestre de l&rsquo;ADOC.<\/p>\n<p>Vous trouverez sur cette page le mod\u00e8le LaTeX de l&rsquo;ADOC pour r\u00e9diger votre sacro-saint manuscrit de th\u00e8se.<\/p>\n<p>Outre des commandes facilit\u00e9s pour r\u00e9diger vos th\u00e9or\u00e8mes  \u2026<\/p>\n<p class=\"continue-reading-button\"> <a class=\"continue-reading-link\" href=\"http:\/\/adoc.irisa.fr\/fr\/thesis-related\/\">Lire la suite<i class=\"crycon-right-dir\"><\/i><\/a><\/p>\n","protected":false},"author":649,"featured_media":0,"parent":0,"menu_order":0,"comment_status":"closed","ping_status":"closed","template":"","meta":{"_mc_calendar":[],"footnotes":""},"class_list":["post-90","page","type-page","status-publish","hentry"],"_links":{"self":[{"href":"http:\/\/adoc.irisa.fr\/fr\/wp-json\/wp\/v2\/pages\/90","targetHints":{"allow":["GET"]}}],"collection":[{"href":"http:\/\/adoc.irisa.fr\/fr\/wp-json\/wp\/v2\/pages"}],"about":[{"href":"http:\/\/adoc.irisa.fr\/fr\/wp-json\/wp\/v2\/types\/page"}],"author":[{"embeddable":true,"href":"http:\/\/adoc.irisa.fr\/fr\/wp-json\/wp\/v2\/users\/649"}],"replies":[{"embeddable":true,"href":"http:\/\/adoc.irisa.fr\/fr\/wp-json\/wp\/v2\/comments?post=90"}],"version-history":[{"count":19,"href":"http:\/\/adoc.irisa.fr\/fr\/wp-json\/wp\/v2\/pages\/90\/revisions"}],"predecessor-version":[{"id":266,"href":"http:\/\/adoc.irisa.fr\/fr\/wp-json\/wp\/v2\/pages\/90\/revisions\/266"}],"wp:attachment":[{"href":"http:\/\/adoc.irisa.fr\/fr\/wp-json\/wp\/v2\/media?parent=90"}],"curies":[{"name":"wp","href":"https:\/\/api.w.org\/{rel}","templated":true}]}}