

{"id":78,"date":"2015-02-02T14:50:06","date_gmt":"2015-02-02T13:50:06","guid":{"rendered":"https:\/\/adoc.irisa.fr\/?page_id=78"},"modified":"2015-02-24T18:03:15","modified_gmt":"2015-02-24T17:03:15","slug":"about","status":"publish","type":"page","link":"http:\/\/adoc.irisa.fr\/fr\/about\/","title":{"rendered":"A propos"},"content":{"rendered":"<h2>L&rsquo;ADOC, c&rsquo;est quoi ?<\/h2>\n<p>L&rsquo;ADOC est l&rsquo;association des doctorants de l&rsquo;IRISA et de l&rsquo;Ecole Doctorale Matisse en Informatique, Traitement du Signal Et Electronique. Cr\u00e9\u00e9e le 15 octobre 1993 , l&rsquo;ADOC est une association de la loi 1901 . Notre but essentiel est de faciliter les contacts entre les doctorants de ces disciplines, de les informer et de valoriser leur formation doctorale. L&rsquo;ADOC a aussi un r\u00f4le de repr\u00e9sentation aupr\u00e8s des instances telles que le laboratoire, l&rsquo;\u00e9cole doctorale, &#8230;<\/p>\n<h2>En pratique ?<\/h2>\n<p>En pratique notre \u00ab\u00a0zone d&rsquo;action\u00a0\u00bb se limite \u00e0 l&rsquo;IRISA\/INRIA. Nos activit\u00e9s s&rsquo;\u00e9tendent des nombreux pots de l&rsquo;ADOC \u00e0 la r\u00e9alisation d&rsquo;un guide du nouvel arrivant, de posters d&rsquo;information, de diff\u00e9rentes activit\u00e9s sportives &#8230; Chacun peut proposer une nouvelle activit\u00e9 ou en mettre \u00e0 jour d&rsquo;anciennes.<\/p>\n<p>L&rsquo;ADOC repr\u00e9sente ses membres aupr\u00e8s des instances universitaires, pour faire remonter les revendications des doctorants et diffuser des informations vers les membres de l&rsquo;association. De plus, de part ses connexions avec d&rsquo;autres associations de doctorants, les membres de l&rsquo;ADOC participent aussi \u00e0 l&rsquo;\u00e9volution du statut du doctorant et \u00e0 sa reconnaissance sociale.<\/p>\n","protected":false},"excerpt":{"rendered":"<h2>L&rsquo;ADOC, c&rsquo;est quoi ?<\/h2>\n<p>L&rsquo;ADOC est l&rsquo;association des doctorants de l&rsquo;IRISA et de l&rsquo;Ecole Doctorale Matisse en Informatique, Traitement du Signal Et Electronique. Cr\u00e9\u00e9e le 15 octobre 1993 , l&rsquo;ADOC est une association de la loi 1901 . Notre but essentiel est de faciliter les contacts entre les doctorants de  \u2026<\/p>\n<p class=\"continue-reading-button\"> <a class=\"continue-reading-link\" href=\"http:\/\/adoc.irisa.fr\/fr\/about\/\">Lire la suite<i class=\"crycon-right-dir\"><\/i><\/a><\/p>\n","protected":false},"author":649,"featured_media":0,"parent":0,"menu_order":0,"comment_status":"closed","ping_status":"closed","template":"","meta":{"_mc_calendar":[],"footnotes":""},"class_list":["post-78","page","type-page","status-publish","hentry"],"_links":{"self":[{"href":"http:\/\/adoc.irisa.fr\/fr\/wp-json\/wp\/v2\/pages\/78","targetHints":{"allow":["GET"]}}],"collection":[{"href":"http:\/\/adoc.irisa.fr\/fr\/wp-json\/wp\/v2\/pages"}],"about":[{"href":"http:\/\/adoc.irisa.fr\/fr\/wp-json\/wp\/v2\/types\/page"}],"author":[{"embeddable":true,"href":"http:\/\/adoc.irisa.fr\/fr\/wp-json\/wp\/v2\/users\/649"}],"replies":[{"embeddable":true,"href":"http:\/\/adoc.irisa.fr\/fr\/wp-json\/wp\/v2\/comments?post=78"}],"version-history":[{"count":7,"href":"http:\/\/adoc.irisa.fr\/fr\/wp-json\/wp\/v2\/pages\/78\/revisions"}],"predecessor-version":[{"id":164,"href":"http:\/\/adoc.irisa.fr\/fr\/wp-json\/wp\/v2\/pages\/78\/revisions\/164"}],"wp:attachment":[{"href":"http:\/\/adoc.irisa.fr\/fr\/wp-json\/wp\/v2\/media?parent=78"}],"curies":[{"name":"wp","href":"https:\/\/api.w.org\/{rel}","templated":true}]}}