

{"id":147,"date":"2015-02-24T17:23:21","date_gmt":"2015-02-24T16:23:21","guid":{"rendered":"https:\/\/adoc.irisa.fr\/?page_id=147"},"modified":"2015-02-24T17:27:07","modified_gmt":"2015-02-24T16:27:07","slug":"before-your-thesis","status":"publish","type":"page","link":"http:\/\/adoc.irisa.fr\/fr\/newcomers-guide\/before-your-thesis\/","title":{"rendered":"Avant sa th\u00e8se"},"content":{"rendered":"<h1>Avant une th\u00e8se : questions \u00e0 poser \u00e0 son futur directeur de th\u00e8se<\/h1>\n<div id=\"wikitext\">\n<p>Cette rubrique contient quelques questions \u00e0 poser \u00e0 votre futur directeur de th\u00e8se. Ces questions sont issues d&rsquo;un sondage effectu\u00e9 aupr\u00e8s des doctorants actuellement \u00e0 l&rsquo;IRISA.<\/p>\n<h2>Motivation<\/h2>\n<ul>\n<li>La th\u00e8se dure (au moins) trois ans, donc il faut se poser la question \u00ab\u00a0Suis-je pr\u00eat \u00e0 accepter un sujet qui ne me plait pas juste parce que c&rsquo;est le seul moyen d&rsquo;avoir une th\u00e8se ?\u00a0\u00bb<\/li>\n<li>Evitez de vous laisser emporter par l&rsquo;euphorie d&rsquo;avoir trouv\u00e9 un sujet et un financement dans le domaine qui vous plait au point d&rsquo;en oublier de poser des questions.<\/li>\n<\/ul>\n<h2>Sujet de th\u00e8se<\/h2>\n<ul>\n<li>Combien de personnes candidatent sur ce sujet ?<\/li>\n<li>O\u00f9 suis-je plac\u00e9 dans cette liste ?<\/li>\n<li>Quelles sont les comp\u00e9tences requises et\/ou \u00e0 d\u00e9velopper pour mener \u00e0 bien ce projet doctoral (th\u00e8se) ?<\/li>\n<li>Vais-je utiliser pour programmer la plate-forme ou le programme de quelqu&rsquo;un ? est-ce que ce programme est stable ?<\/li>\n<\/ul>\n<div>Il peut arriver que vous repreniez le programme d&rsquo;un ancien doctorant. Dans ce cas demandez-lui directement des informations sur son programme. Le directeur de th\u00e8se, cela fait bien longtemps qu&rsquo;il n&rsquo;a plus rien cod\u00e9 ! Donc il est fort possible qu&rsquo;il ignore \u00e0 quel point le programme pr\u00e9c\u00e9dent est foireux ou pas.<\/div>\n<h2>Travail de recherche<\/h2>\n<ul>\n<li>Avec qui serais-je amen\u00e9 \u00e0 travailler dans l&rsquo;\u00e9quipe ? \u00e0 l&rsquo;Irisa ? en France ? \u00e0 l&rsquo;\u00e9tranger ?<\/li>\n<li>Combien de r\u00e9unions sont pr\u00e9vues par mois ?<\/li>\n<li>Quel planning est propos\u00e9 pour la th\u00e8se ?<\/li>\n<li>Quelles sont les personnes \u00e0 qui je pourrais m&rsquo;adresser pour telle ou telle comp\u00e9tence ?<\/li>\n<li>Quels sont les domaines de recherche de l&rsquo;\u00e9quipe ?<\/li>\n<li>Qu&rsquo;est-ce que je vais \u00eatre amen\u00e9 \u00e0 programmer ?<\/li>\n<li>Quels sont les outils que l&rsquo;\u00e9quipe utilise ? Est-ce les bons outils ?<\/li>\n<\/ul>\n<h2>Financement<\/h2>\n<ul>\n<li>Sur quelle(s) bourse(s) dois-je candidater ? Quel est (sont) son (leurs) montant(s) ?<\/li>\n<li>Quelles sont les autres candidatures dans l&rsquo;\u00e9quipe ? Quelles bourses ?<\/li>\n<li>A combien s&rsquo;\u00e9l\u00e8vera mon salaire ?<\/li>\n<\/ul>\n<h2>Encadrement<\/h2>\n<h3>Qui<\/h3>\n<ul>\n<li>Par qui se fera l&rsquo;encadrement ? Le directeur de th\u00e8se lui-m\u00eame ? Un autre chercheur ?<\/li>\n<\/ul>\n<div>Le directeur de th\u00e8se est obligatoirement titulaire d&rsquo;une HDR (Habilitation \u00e0 Diriger des Recherches). A ce titre, il est responsable de la th\u00e8se, mais il peut d\u00e9l\u00e9guer ou partager l&rsquo;encadrement avec un autre chercheur.)<\/div>\n<h3>Comp\u00e9tences<\/h3>\n<ul>\n<li>Mon directeur de th\u00e8se est-il comp\u00e9tent dans le domaine du sujet qu&rsquo;il propose ? (Malheureusement il arrive que non.)<\/li>\n<\/ul>\n<div>Certaines th\u00e8ses sont financ\u00e9es gr\u00e2ce \u00e0 des contrats d\u00e9croch\u00e9s par le futur directeur. Seulement il arrive que ces contrats n&rsquo;aient aucun rapport avec le domaine de recherche du futur directeur.<\/div>\n<ul>\n<li>Qu&rsquo;a-t-il propos\u00e9 dans le domaine ? En quoi son approche est elle novatrice ?<\/li>\n<li><strong>Est-ce que mon futur directeur a des publications r\u00e9centes, en premier nom ou avec des doctorants, dans des conf\u00e9rences correctes ?<\/strong> Il s&rsquo;agit d&rsquo;un point important car cela donne une vision globale tant des comp\u00e9tences de l&rsquo;encadrant pour la t\u00e2che de recherche que pour celle de diffusion de ces r\u00e9sultats et donc de la capacit\u00e9 qu&rsquo;il aura \u00e0 vous faire publier vous aussi.<\/li>\n<\/ul>\n<div>Pour exemple, publie-t-il seul ou toujours avec ses th\u00e9sards, dans ce cas quel est son taux de participation aux articles ? Ses travaux sont-ils cit\u00e9s dans d&rsquo;autres articles par d&rsquo;autres sp\u00e9cialistes du domaine ?<\/div>\n<ul>\n<li>Dans quelles revues et conf\u00e9rences publie-t-il ? Il est important de chercher \u00e0 savoir si les conf\u00e9rences ou journaux dans lesquels ses articles sont publi\u00e9s, sont des conf\u00e9rences importantes ou pas. Pour le savoir, une bonne id\u00e9e est de comparer avec d&rsquo;autres titulaires venant de la m\u00eame \u00e9quipe que l&rsquo;encadrant pressenti.<\/li>\n<li>Quelles sont ses comp\u00e9tences scientifiques ?<\/li>\n<li>Est-il informaticien, math\u00e9maticien, \u00e9lectronicien, physicien ?<\/li>\n<li>Depuis combien de temps a-t-il sa th\u00e8se ? Si l&rsquo;encadrement est assur\u00e9 par un autre chercheur, compte-t-il passer l&rsquo;HDR ? Dans combien de temps ?<\/li>\n<\/ul>\n<h3>Pr\u00e9sence<\/h3>\n<ul>\n<li>Y aura t-il des r\u00e9unions de mises au point avec l&rsquo;encadrant r\u00e9guli\u00e8rement ?<\/li>\n<li>Le directeur de th\u00e8se est-il impliqu\u00e9 dans des projets divers qui l&rsquo;am\u00e8neront a s&rsquo;absenter r\u00e9guli\u00e8rement ?<\/li>\n<li>Quelle est la charge administrative de mon futur directeur (cours, responsable de formation, conseils divers) ?<\/li>\n<li>L&rsquo;encadrant envisage-t&rsquo;il de postuler \u00e0 un autre poste ? Restera-t&rsquo;il le temps n\u00e9cessaire \u00e0 l&rsquo;IRISA ?<\/li>\n<\/ul>\n<div>Un chercheur peut changer de laboratoire \u00e0 la faveur d&rsquo;une promotion : s&rsquo;il est ma\u00eetre de conf\u00e9rence et titulaire (ou sur le point de l&rsquo;\u00eatre) d&rsquo;une HDR, il est susceptible de candidater sur un poste de professeur dans une autre universit\u00e9&#8230;<\/div>\n<h3>Autres doctorants<\/h3>\n<ul>\n<li>Combien d&rsquo;autres doctorants sont encadr\u00e9s par lui en ce moment ? O\u00f9 en sont-ils dans leur th\u00e8se ? Aura-t-il le temps de me rencontrer r\u00e9guli\u00e8rement ?<\/li>\n<li>Combien de doctorants ont \u00e9t\u00e9 encadr\u00e9s par lui dans le pass\u00e9 ? De quand date le dernier ? Que font-ils actuellement ?<\/li>\n<li>Combien ont soutenu ? Quelle est la dur\u00e9e moyenne d&rsquo;une th\u00e8se dans l&rsquo;\u00e9quipe ?<\/li>\n<li>Quel est le taux de r\u00e9ussite des doctorants dans l&rsquo;\u00e9quipe (nombre de th\u00e8ses soutenues\/nombre de th\u00e8ses commenc\u00e9es depuis 3 ans et demi) dans les 8 derni\u00e8res ann\u00e9es ?<\/li>\n<li>Quel est le taux d&rsquo;abandon (nombres th\u00e8ses abandonn\u00e9es\/nombre de th\u00e8ses commenc\u00e9es depuis au moins 3 ans) dans les 8 derni\u00e8res ann\u00e9es?<\/li>\n<li>Suis-je son premier th\u00e9sard ? (S&rsquo;il en a d\u00e9j\u00e0 4, 5, 6 se m\u00e9fier de la qualit\u00e9 de l&rsquo;encadrement&#8230;)<\/li>\n<li>S&rsquo;il a d&rsquo;autres doctorants, qui sont ils ? Sont-ils bien encadr\u00e9s ?<\/li>\n<\/ul>\n<div>Les contacter, la discussion avec d&rsquo;autres doctorants est souvent plus sinc\u00e8re et plus facile qu&rsquo;avec le futur directeur. Il est important de discuter avec les doctorants de l&rsquo;ambiance et l&rsquo;encadrement g\u00e9n\u00e9ral au laboratoire. Il faut prendre plusieurs avis pour plus d&rsquo;objectivit\u00e9.<\/div>\n<h2>Environnement<\/h2>\n<ul>\n<li>Quels sont les moyens mat\u00e9riels mis \u00e0 ma disposition ?<\/li>\n<li>Est-ce que j&rsquo;aurai un bureau ? Un ordinateur ? Un ordinateur portable ?<\/li>\n<li>Est-ce que l&rsquo;\u00e9quipe est suffisamment grande pour m&rsquo;accueillir ?<\/li>\n<li>Combien de doctorants sont actuellement dans l&rsquo;\u00e9quipe ? De permanents ? D&rsquo;ing\u00e9nieurs ?<\/li>\n<li>Se renseigner sur l&rsquo;ambiance dans l&rsquo;\u00e9quipe, tension, conflit entre personnes.<\/li>\n<li>R\u00e9unions d&rsquo;\u00e9quipe : quelle p\u00e9riodicit\u00e9 ? qui sont pr\u00e9sents ?<\/li>\n<li>Qui dans l&rsquo;\u00e9quipe travaille sur des sujets proches de celui propos\u00e9 pour la th\u00e8se ? Des collaborations sont-elles pr\u00e9vues ?<\/li>\n<\/ul>\n<h2>Liens vers ext\u00e9rieur<\/h2>\n<ul>\n<li>L&rsquo;\u00e9quipe est-elle impliqu\u00e9e dans des projets nationaux ? europ\u00e9ens ? Si oui, lesquels et y en a-t-il un qui est proche du sujet de th\u00e8se ? Y a t-il des collaborations pr\u00e9vues au sein de ces projets ?<\/li>\n<li>Quels sont les liens entre l&rsquo;\u00e9quipe et le monde industriel ?<\/li>\n<\/ul>\n<h2>Avenir professionnel<\/h2>\n<ul>\n<li>Dans ce domaine, o\u00f9 pourrais-je candidater (monde acad\u00e9mique) ou postuler (monde industriel) en France ? \u00e0 l&rsquo;\u00e9tranger ?<\/li>\n<li>Dans quelle discipline vaut-il mieux s&rsquo;inscrire en th\u00e8se en vue des qualifications, par rapport \u00e0 la discipline du DEA et aux enseignements envisag\u00e9s ? Est-il possible d&rsquo;envisager plusieurs demandes de qualification ?<\/li>\n<li>Y a-t-il des collaborations particuli\u00e8res avec des \u00e9quipes \u00e0 l&rsquo;\u00e9tranger ? (on peut envisager des \u00e9changes, un post-doctorat&#8230;)<\/li>\n<\/ul>\n<h2>L&rsquo;enseignement<\/h2>\n<ul>\n<li>Quels sont les crit\u00e8res pour \u00eatre moniteur ? (Notamment, quel est le plafond de r\u00e9mun\u00e9ration ?)<\/li>\n<li>Le financement propos\u00e9 permet-il de demander un poste de moniteur ?<\/li>\n<li>Pourrais-je effectuer des activit\u00e9s annexes (enseignements, conseil en entreprise&#8230;) ?<\/li>\n<\/ul>\n<div>Bien que le contrat doctoral sp\u00e9cifie que vous avez le droit de vous porter candidat pour assurer des activit\u00e9s annexes, il n&rsquo;est pas rare que l&rsquo;encadrant soit r\u00e9tissant \u00e0 laisser (m\u00eame pour une faible charge horaire) son doctorant s&rsquo;\u00e9loigner de ses t\u00e2ches de recherche.<\/div>\n<ul>\n<li>Quelle est la politique de l&rsquo;\u00e9quipe vis \u00e0 vis des heures d&rsquo;enseignement en vacations ?<\/li>\n<li>Est-ce que le directeur de th\u00e8se est favorable \u00e0 l&rsquo;enseignement pendant la th\u00e8se ?<\/li>\n<\/ul>\n<div>Si votre futur directeur vous le d\u00e9conseille fortement et que vous souhaitez faire une carri\u00e8re \u00e0 l&rsquo;universit\u00e9, vous risquez de ne pas acqu\u00e9rir suffisamment d&rsquo;exp\u00e9rience en enseignement pour pouvoir passer les qualifications de ma\u00eetre de conf\u00e9rence dans l&rsquo;ann\u00e9e qui suit votre doctorat.<\/div>\n<h2>Questions qu&rsquo;on se pose dans la th\u00e8se en cas de probl\u00e8me :<\/h2>\n<ul>\n<li>Rien ne fonctionne, ma th\u00e8se n&rsquo;avance pas, est ce ma faute ?<\/li>\n<\/ul>\n<div>Pas forc\u00e9ment, ne pas h\u00e9siter \u00e0 en parler tout de suite avec le directeur et\/ou le chef d&rsquo;\u00e9quipe. \u00c7a \u00e9vite 6 mois de doute.<\/div>\n<h2>Trouvez de l&rsquo;aide<\/h2>\n<ul>\n<li>Y a t il une association de doctorants dans le laboratoire que je puisse contacter ?<\/li>\n<\/ul>\n<div>\u00c0 l&rsquo;IRISA, l&rsquo;IETR et au LTSI, il y a l&rsquo;ADOC. Mais beaucoup d&rsquo;autres laboratoires ou universit\u00e9s ont aussi des assos.<\/div>\n<ul>\n<li>Qui sont les m\u00e9diateurs de th\u00e8se ?<\/li>\n<\/ul>\n<div>Un des r\u00f4les de votre \u00e9cole doctorale (les doctorants de l&rsquo;ADOC sont rattach\u00e9s \u00e0 l&rsquo;\u00e9cole doctorale MATISSE) est justement de servir de m\u00e9diateur en cas de probl\u00e8me avec le directeur de th\u00e8se ou l&rsquo;encadrant d&rsquo;une fa\u00e7on g\u00e9n\u00e9rale. Il ne faut pas h\u00e9siter \u00e0 la contacter.<\/div>\n<\/div>\n","protected":false},"excerpt":{"rendered":"<h1>Avant une th\u00e8se : questions \u00e0 poser \u00e0 son futur directeur de th\u00e8se<\/h1>\n<p>Cette rubrique contient quelques questions \u00e0 poser \u00e0 votre futur directeur de th\u00e8se. Ces questions sont issues d&rsquo;un sondage effectu\u00e9 aupr\u00e8s des doctorants actuellement \u00e0 l&rsquo;IRISA.<\/p>\n<h2>Motivation<\/h2>\n<ul>\n<li>La th\u00e8se dure (au moins) trois ans, donc il  \u2026\n<p class=\"continue-reading-button\"> <a class=\"continue-reading-link\" href=\"http:\/\/adoc.irisa.fr\/fr\/newcomers-guide\/before-your-thesis\/\">Lire la suite<i class=\"crycon-right-dir\"><\/i><\/a><\/p>\n","protected":false},"author":688,"featured_media":0,"parent":142,"menu_order":0,"comment_status":"closed","ping_status":"closed","template":"","meta":{"_mc_calendar":[],"footnotes":""},"class_list":["post-147","page","type-page","status-publish","hentry"],"_links":{"self":[{"href":"http:\/\/adoc.irisa.fr\/fr\/wp-json\/wp\/v2\/pages\/147","targetHints":{"allow":["GET"]}}],"collection":[{"href":"http:\/\/adoc.irisa.fr\/fr\/wp-json\/wp\/v2\/pages"}],"about":[{"href":"http:\/\/adoc.irisa.fr\/fr\/wp-json\/wp\/v2\/types\/page"}],"author":[{"embeddable":true,"href":"http:\/\/adoc.irisa.fr\/fr\/wp-json\/wp\/v2\/users\/688"}],"replies":[{"embeddable":true,"href":"http:\/\/adoc.irisa.fr\/fr\/wp-json\/wp\/v2\/comments?post=147"}],"version-history":[{"count":2,"href":"http:\/\/adoc.irisa.fr\/fr\/wp-json\/wp\/v2\/pages\/147\/revisions"}],"predecessor-version":[{"id":150,"href":"http:\/\/adoc.irisa.fr\/fr\/wp-json\/wp\/v2\/pages\/147\/revisions\/150"}],"up":[{"embeddable":true,"href":"http:\/\/adoc.irisa.fr\/fr\/wp-json\/wp\/v2\/pages\/142"}],"wp:attachment":[{"href":"http:\/\/adoc.irisa.fr\/fr\/wp-json\/wp\/v2\/media?parent=147"}],"curies":[{"name":"wp","href":"https:\/\/api.w.org\/{rel}","templated":true}]}}