

{"id":142,"date":"2015-02-24T17:10:32","date_gmt":"2015-02-24T16:10:32","guid":{"rendered":"https:\/\/adoc.irisa.fr\/?page_id=142"},"modified":"2015-10-08T20:45:48","modified_gmt":"2015-10-08T18:45:48","slug":"newcomers-guide","status":"publish","type":"page","link":"http:\/\/adoc.irisa.fr\/fr\/newcomers-guide\/","title":{"rendered":"Guide du doctorant"},"content":{"rendered":"<p>L&rsquo;ADOC a mis en route la r\u00e9daction d&rsquo;un guide \u00e0 l&rsquo;attention des nouveaux arrivants doctorants. Ce guide est disponible (PDF ~700 ko) pour le laboratoire IRISA\/INRIA.\u00a0 Il contient des informations pratiques sur l&rsquo;arriv\u00e9e du doctorant dans son laboratoire, la description des financements de th\u00e8se, la proc\u00e9dure pour donner des enseignements durant sa th\u00e8se, les d\u00e9marches administratives pour l&rsquo;apr\u00e8s th\u00e8se, ainsi que plein de choses inutiles et donc compl\u00e8tement indispensables<\/p>\n<p><a title=\"Guide LTCI\" href=\"http:\/\/www.irisa.fr\/adoc\/WikiWeb\/uploads\/Main\/GuideLTCI.pdf\">Guide Irisa<\/a><\/p>\n<p>Autres rubriques :<\/p>\n<p><a title=\"Avant ta th\u00e8se\" href=\"https:\/\/adoc.irisa.fr\/fr\/newcomers-guide\/before-your-thesis\/\">Avant ta th\u00e8se<\/a><\/p>\n<p><a href=\"https:\/\/adoc.irisa.fr\/fr\/newcomers-guide\/beginning-you-phd\/\">D\u00e9but de th\u00e8se<\/a><\/p>\n","protected":false},"excerpt":{"rendered":"<p>L&rsquo;ADOC a mis en route la r\u00e9daction d&rsquo;un guide \u00e0 l&rsquo;attention des nouveaux arrivants doctorants. Ce guide est disponible (PDF ~700 ko) pour le laboratoire IRISA\/INRIA.\u00a0 Il contient des informations pratiques sur l&rsquo;arriv\u00e9e du doctorant dans son laboratoire, la description des financements de th\u00e8se, la proc\u00e9dure pour donner des enseignements  \u2026<\/p>\n<p class=\"continue-reading-button\"> <a class=\"continue-reading-link\" href=\"http:\/\/adoc.irisa.fr\/fr\/newcomers-guide\/\">Lire la suite<i class=\"crycon-right-dir\"><\/i><\/a><\/p>\n","protected":false},"author":688,"featured_media":0,"parent":0,"menu_order":0,"comment_status":"closed","ping_status":"closed","template":"","meta":{"_mc_calendar":[],"footnotes":""},"class_list":["post-142","page","type-page","status-publish","hentry"],"_links":{"self":[{"href":"http:\/\/adoc.irisa.fr\/fr\/wp-json\/wp\/v2\/pages\/142","targetHints":{"allow":["GET"]}}],"collection":[{"href":"http:\/\/adoc.irisa.fr\/fr\/wp-json\/wp\/v2\/pages"}],"about":[{"href":"http:\/\/adoc.irisa.fr\/fr\/wp-json\/wp\/v2\/types\/page"}],"author":[{"embeddable":true,"href":"http:\/\/adoc.irisa.fr\/fr\/wp-json\/wp\/v2\/users\/688"}],"replies":[{"embeddable":true,"href":"http:\/\/adoc.irisa.fr\/fr\/wp-json\/wp\/v2\/comments?post=142"}],"version-history":[{"count":7,"href":"http:\/\/adoc.irisa.fr\/fr\/wp-json\/wp\/v2\/pages\/142\/revisions"}],"predecessor-version":[{"id":272,"href":"http:\/\/adoc.irisa.fr\/fr\/wp-json\/wp\/v2\/pages\/142\/revisions\/272"}],"wp:attachment":[{"href":"http:\/\/adoc.irisa.fr\/fr\/wp-json\/wp\/v2\/media?parent=142"}],"curies":[{"name":"wp","href":"https:\/\/api.w.org\/{rel}","templated":true}]}}